{"id":839,"date":"2023-06-27T12:55:46","date_gmt":"2023-06-27T12:55:46","guid":{"rendered":"https:\/\/www.ipmc.nl\/?page_id=839"},"modified":"2023-06-27T21:56:10","modified_gmt":"2023-06-27T21:56:10","slug":"plagiaat","status":"publish","type":"page","link":"https:\/\/www.ipmc.nl\/nl\/onderwerpen\/plagiaat\/","title":{"rendered":"Plagiaat"},"content":{"rendered":"<div  class='flex_column av-av_one_fourth-7714eba142aeda1f8b5272a3c372b279 av_one_fourth  avia-builder-el-0  el_before_av_one_half  avia-builder-el-first  first flex_column_div  '     ><\/div>\n<div  class='flex_column av-av_one_half-f1c518e9ff58e869f80c8f093487abc9 av_one_half  avia-builder-el-1  el_after_av_one_fourth  avia-builder-el-last  flex_column_div  '     ><section  class='av_textblock_section av-ljetuabp-56e1d9b028be50eb63789c524246e5d8 '   itemscope=\"itemscope\" itemtype=\"https:\/\/schema.org\/CreativeWork\" ><div class='avia_textblock'  itemprop=\"text\" ><h1>Plagiaat<\/h1>\n<\/div><\/section><br \/>\n<section  class='av_textblock_section av-av_textblock-154edf3b81ea89278a85a087be81f544 '   itemscope=\"itemscope\" itemtype=\"https:\/\/schema.org\/CreativeWork\" ><div class='avia_textblock'  itemprop=\"text\" ><p>Plagiaat is geen term die in de wet voorkomt en er bestaat geen vast definitie van. Van plagiaat is sprake wanneer iemand werk presenteert als origineel en door hem zelf gemaakt en geschreven, terwijl het is overgenomen uit het werk van een ander. Plagiaat kenmerkt zich in de regel door misleiding en kwade trouw (opzet).<br \/>\nPlagiaat kan auteursrechtinbreuk opleveren wanneer een (deel van een) auteursrechtelijk werk van een ander wordt overgenomen zonder bronvermelding en er geen beperking op het auteursrecht van toepassing is. Er wordt echter ook van plagiaat gesproken als iemand (niet auteursrechtelijk beschermbare) wetenschappelijke idee\u00ebn van een ander als zijn eigen idee\u00ebn presenteert. Er is dan geen sprake van auteursrechtinbreuk, maar w\u00e9l van handelen in strijd met geldende normen ten aanzien van wetenschappelijke integriteit en mogelijk van een onrechtmatige daad.<br \/>\nWanneer sprake is van overname van werk van een ander m\u00e9t bron- en naamsvermelding is er geen sprake van plagiaat, maar kan er wel sprake zijn van auteursrechtinbreuk. Naamsvermelding is immers geen rechtvaardiging voor het zonder toestemming overnemen van andermans auteursrechtelijk beschermde werk.<\/p>\n<\/div><\/section><\/p><\/div>\n","protected":false},"excerpt":{"rendered":"","protected":false},"author":1,"featured_media":0,"parent":250,"menu_order":0,"comment_status":"closed","ping_status":"closed","template":"","meta":{"_acf_changed":false,"footnotes":""},"class_list":["post-839","page","type-page","status-publish","hentry"],"acf":[],"_links":{"self":[{"href":"https:\/\/www.ipmc.nl\/nl\/wp-json\/wp\/v2\/pages\/839","targetHints":{"allow":["GET"]}}],"collection":[{"href":"https:\/\/www.ipmc.nl\/nl\/wp-json\/wp\/v2\/pages"}],"about":[{"href":"https:\/\/www.ipmc.nl\/nl\/wp-json\/wp\/v2\/types\/page"}],"author":[{"embeddable":true,"href":"https:\/\/www.ipmc.nl\/nl\/wp-json\/wp\/v2\/users\/1"}],"replies":[{"embeddable":true,"href":"https:\/\/www.ipmc.nl\/nl\/wp-json\/wp\/v2\/comments?post=839"}],"version-history":[{"count":3,"href":"https:\/\/www.ipmc.nl\/nl\/wp-json\/wp\/v2\/pages\/839\/revisions"}],"predecessor-version":[{"id":1101,"href":"https:\/\/www.ipmc.nl\/nl\/wp-json\/wp\/v2\/pages\/839\/revisions\/1101"}],"up":[{"embeddable":true,"href":"https:\/\/www.ipmc.nl\/nl\/wp-json\/wp\/v2\/pages\/250"}],"wp:attachment":[{"href":"https:\/\/www.ipmc.nl\/nl\/wp-json\/wp\/v2\/media?parent=839"}],"curies":[{"name":"wp","href":"https:\/\/api.w.org\/{rel}","templated":true}]}}